{"id":18176,"date":"2025-06-07T13:21:54","date_gmt":"2025-06-07T11:21:54","guid":{"rendered":"https:\/\/vanguard-br.com\/?page_id=18176"},"modified":"2025-06-16T00:20:05","modified_gmt":"2025-06-15T22:20:05","slug":"les-pionniers-du-progres","status":"publish","type":"page","link":"https:\/\/vanguard-br.com\/?page_id=18176","title":{"rendered":"Les acteurs du progr\u00e8s"},"content":{"rendered":"<div id=\"cmsmasters_row_c6a8dd8551\" class=\"cmsmasters_row cmsmasters_color_scheme_default cmsmasters_row_top_default cmsmasters_row_bot_default cmsmasters_row_boxed\">\n<div class=\"cmsmasters_row_outer_parent\">\n<div class=\"cmsmasters_row_outer\">\n<div class=\"cmsmasters_row_inner\">\n<div class=\"cmsmasters_row_margin\">\n<div id=\"cmsmasters_column_\" class=\"cmsmasters_column one_first\">\n<div class=\"cmsmasters_column_inner\"><div id=\"cmsmasters_fb_c64941b704\" class=\"cmsmasters_featured_block\">\n<div class=\"featured_block_inner\">\n<div class=\"featured_block_text\">\n<h3><\/h3>\n<h2 class=\"edgtf-st-title ai-optimize-7\">Des leaders qui inspirent, des trajectoires qui \u00e9clairent<\/h2>\n<p id=\"cmsms_heading_5757ce4780801\" class=\"cmsms_heading ai-optimize-8\">Chaque mois, <strong data-start=\"463\" data-end=\"470\">VBR<\/strong> met \u00e0 l&rsquo;honneur des dirigeants visionnaires, des b\u00e2tisseurs silencieux et des acteurs du changement qui transforment l\u2019Afrique par leurs id\u00e9es, leurs r\u00e9alisations et leur leadership.<\/p>\n<p class=\"cmsms_heading ai-optimize-8\">Cette rubrique donne \u00e0 voir des trajectoires inspirantes et offre un regard strat\u00e9gique sur les ambitions qui fa\u00e7onnent l\u2019avenir du continent.<\/p>\n<p>&nbsp;<\/p>\n\n<\/div>\n<\/div>\n<\/div>\n<\/div><\/div>\n<\/div>\n<\/div>\n<\/div>\n<\/div>\n<\/div>\n<div id=\"cmsmasters_row_0b15982d4a\" class=\"cmsmasters_row cmsmasters_color_scheme_default cmsmasters_row_top_default cmsmasters_row_bot_default cmsmasters_row_boxed\">\n<div class=\"cmsmasters_row_outer_parent\">\n<div class=\"cmsmasters_row_outer\">\n<div class=\"cmsmasters_row_inner\">\n<div class=\"cmsmasters_row_margin\">\n<div id=\"cmsmasters_column_\" class=\"cmsmasters_column one_first\">\n<div class=\"cmsmasters_column_inner\">\n<div id=\"cmsmasters_divider_c4c9a8f5a1\" class=\"cmsmasters_divider cmsmasters_divider_width_long cmsmasters_divider_pos_center\"><\/div>\n<\/div><\/div>\n<\/div>\n<\/div>\n<\/div>\n<\/div>\n<\/div>\n<div id=\"cmsmasters_row_a7b5b97877\" class=\"cmsmasters_row cmsmasters_color_scheme_default cmsmasters_row_top_default cmsmasters_row_bot_default cmsmasters_row_boxed\">\n<div class=\"cmsmasters_row_outer_parent\">\n<div class=\"cmsmasters_row_outer\">\n<div class=\"cmsmasters_row_inner\">\n<div class=\"cmsmasters_row_margin\">\n<div id=\"cmsmasters_column_\" class=\"cmsmasters_column one_third\">\n<div class=\"cmsmasters_column_inner\"><div id=\"cmsmasters_fb_11f5ca422b\" class=\"cmsmasters_featured_block\">\n<div class=\"featured_block_inner\">\n<div class=\"featured_block_text\">\n<p class=\"ai-optimize-10\"><div id=\"cmsmasters_heading_dnbcjs3dg\" class=\"cmsmasters_heading_wrap cmsmasters_heading_align_left\">\n\t<h2 class=\"cmsmasters_heading\"><span class=\"notion-enable-hover\" data-token-index=\"0\">Secteur public<\/span><!-- notionvc: 95e9c05b-abde-4e1d-bd01-40ec2a6094d7 --><\/h2>\n<\/div>\n<p class=\"ai-optimize-13\">Ils sont ministres, directeurs d\u2019agences, pr\u00e9sidents d\u2019institutions\u2026 Leur leadership structure les politiques publiques et impulse des r\u00e9formes durables. D\u00e9couvrez les voix qui fa\u00e7onnent l\u2019action publique africaine de demain.<\/p>\n<p class=\"ai-optimize-14\"><div id=\"cmsmasters_button_8e70d2fe81\" class=\"button_wrap\"><a href=\"#\" class=\"cmsmasters_button\"><span>D\u00e9couvrez les cadres dirigeants<\/span><\/a><\/div>\n\n<\/div>\n<\/div>\n<\/div>\n<\/div><\/div>\n<div id=\"cmsmasters_column_\" class=\"cmsmasters_column one_third\">\n<div class=\"cmsmasters_column_inner\"><div id=\"cmsmasters_fb_218a106595\" class=\"cmsmasters_featured_block\">\n<div class=\"featured_block_inner\">\n<div class=\"featured_block_text\">\n<p class=\"ai-optimize-12\"><div id=\"cmsmasters_heading_dnbcjs3dg\" class=\"cmsmasters_heading_wrap cmsmasters_heading_align_left\">\n\t<h2 class=\"cmsmasters_heading\"><span class=\"notion-enable-hover\" data-token-index=\"0\">Secteur priv\u00e9<\/span><!-- notionvc: 95e9c05b-abde-4e1d-bd01-40ec2a6094d7 --><\/h2>\n<\/div>\n<p class=\"ai-optimize-17\">Entrepreneurs audacieux, PDG visionnaires, b\u00e2tisseurs d\u2019\u00e9cosyst\u00e8mes\u2026 Ils transforment l\u2019\u00e9conomie et cr\u00e9ent des cha\u00eenes de valeur innovantes. Plongez dans l\u2019univers de ceux qui r\u00e9inventent le business en Afrique.<\/p>\n<p class=\"ai-optimize-18\"><div id=\"cmsmasters_button_87ee1e2330\" class=\"button_wrap\"><a href=\"#\" class=\"cmsmasters_button\"><span>D\u00e9couvrez les leaders de l&rsquo;\u00e9conomie<\/span><\/a><\/div>\n\n<\/div>\n<\/div>\n<\/div>\n<\/div><\/div>\n<div id=\"cmsmasters_column_\" class=\"cmsmasters_column one_third\">\n<div class=\"cmsmasters_column_inner\"><div id=\"cmsmasters_fb_eef95a6031\" class=\"cmsmasters_featured_block\">\n<div class=\"featured_block_inner\">\n<div class=\"featured_block_text\">\n<p class=\"ai-optimize-14\"><div id=\"cmsmasters_heading_dnbcjs3dg\" class=\"cmsmasters_heading_wrap cmsmasters_heading_align_left\">\n\t<h2 class=\"cmsmasters_heading\"><span class=\"notion-enable-hover\" data-token-index=\"0\">\u00c9conomie num\u00e9rique<\/span><!-- notionvc: 95e9c05b-abde-4e1d-bd01-40ec2a6094d7 --><\/h2>\n<\/div>\n<p class=\"ai-optimize-21\">Startuppeurs, ing\u00e9nieurs, strat\u00e8ges du digital\u2026 Ils portent les ambitions technologiques de l\u2019Afrique et catalysent la transformation num\u00e9rique des organisations. Rencontre avec les architectes de l\u2019Afrique connect\u00e9e.<\/p>\n<p class=\"ai-optimize-22\"><div id=\"cmsmasters_button_929d0fb5ef\" class=\"button_wrap\"><a href=\"#\" class=\"cmsmasters_button\"><span>D\u00e9couvrir les pionniers du num\u00e9rique<\/span><\/a><\/div>\n\n<\/div>\n<\/div>\n<\/div>\n<\/div><\/div>\n<\/div>\n<\/div>\n<\/div>\n<\/div>\n<\/div>\n<div id=\"cmsmasters_row_f6ai2pyq5w\" class=\"cmsmasters_row cmsmasters_color_scheme_default cmsmasters_row_top_default cmsmasters_row_bot_default cmsmasters_row_boxed\">\n<div class=\"cmsmasters_row_outer_parent\">\n<div class=\"cmsmasters_row_outer\">\n<div class=\"cmsmasters_row_inner\">\n<div class=\"cmsmasters_row_margin\">\n<div id=\"cmsmasters_column_l2cenopby\" class=\"cmsmasters_column one_first\">\n<div class=\"cmsmasters_column_inner\">\n<div id=\"cmsmasters_divider_6xq10fd92s\" class=\"cmsmasters_divider cmsmasters_divider_width_long cmsmasters_divider_pos_center\"><\/div>\n<\/div><\/div>\n<\/div>\n<\/div>\n<\/div>\n<\/div>\n<\/div>\n<div id=\"cmsmasters_row_djc9tveocr\" class=\"cmsmasters_row cmsmasters_color_scheme_default cmsmasters_row_top_default cmsmasters_row_bot_default cmsmasters_row_boxed\">\n<div class=\"cmsmasters_row_outer_parent\">\n<div class=\"cmsmasters_row_outer\">\n<div class=\"cmsmasters_row_inner\">\n<div class=\"cmsmasters_row_margin\">\n<div id=\"cmsmasters_column_c1azd8p0nn\" class=\"cmsmasters_column one_first\">\n<div class=\"cmsmasters_column_inner\"><div class=\"aligncenter\"><div class=\"cmsmasters_img  cmsmasters_image_c\" data-animation=\"bounceInUp\" data-delay=\"50\"><img decoding=\"async\" src=\"https:\/\/vanguard-br.com\/wp-content\/uploads\/2025\/03\/ad-2.jpg\" \/><\/div><\/div>\n<\/div><\/div>\n<\/div>\n<\/div>\n<\/div>\n<\/div>\n<\/div>\n<div id=\"cmsmasters_row_jne038aivh\" class=\"cmsmasters_row cmsmasters_color_scheme_default cmsmasters_row_top_default cmsmasters_row_bot_default cmsmasters_row_boxed\">\n<div class=\"cmsmasters_row_outer_parent\">\n<div class=\"cmsmasters_row_outer\">\n<div class=\"cmsmasters_row_inner\">\n<div class=\"cmsmasters_row_margin\">\n<div id=\"cmsmasters_column_v61kewy9sj\" class=\"cmsmasters_column one_first\">\n<div class=\"cmsmasters_column_inner\">\n<div id=\"blog_c56im2i4fc\" class=\"cmsmasters_wrap_blog entry-summary\" data-layout=\"columns\" data-layout-mode=\"masonry\" data-url=\"https:\/\/vanguard-br.com\/wp-content\/plugins\/cmsmasters-content-composer\/\" data-orderby=\"date\" data-order=\"DESC\" data-count=\"3\" data-categories=\"\" data-metadata=\"title,categories,likes,views\" data-pagination=\"more\"><div class=\"blog columns masonry cmsmasters_3\"><!-- Start Post Masonry Article  -->\r\n<article id=\"post-16576\" class=\"cmsmasters_post_masonry post-16576 post type-post status-publish format-standard has-post-thumbnail hentry category-organisation-et-operation tag-creation-de-valeur-en-afrique tag-excellence-operationnelle tag-gestion-des-ressources tag-innovation-technologique tag-optimisation-des-processus tag-performance-operationnelle tag-strategie-dentreprise-africaine tag-transformation-digitale\" data-category=\"organisation-et-operation\">\r\n\t<div class=\"cmsmasters_post_cont_wrap\">\r\n\t\t<div class=\"cmsmasters_post_img_wrap\"><figure class=\"cmsmasters_img_wrap\"><a href=\"https:\/\/vanguard-br.com\/?p=16576\" title=\"Comment passer de la vision \u00e0 l&rsquo;action ?\" class=\"cmsmasters_img_link\"><img width=\"580\" height=\"326\"  class=\"full-width wp-post-image lws-optimize-lazyload\" alt=\"Comment passer de la vision \u00e0 l&rsquo;action ?\" title=\"Transformer votre vision en performance2\" srcset=\"https:\/\/vanguard-br.com\/wp-content\/uploads\/2018\/05\/Transformer-votre-vision-en-performance2-580x326.jpg 580w, https:\/\/vanguard-br.com\/wp-content\/uploads\/2018\/05\/Transformer-votre-vision-en-performance2-300x169.jpg 300w, https:\/\/vanguard-br.com\/wp-content\/uploads\/2018\/05\/Transformer-votre-vision-en-performance2-1024x576.jpg 1024w, https:\/\/vanguard-br.com\/wp-content\/uploads\/2018\/05\/Transformer-votre-vision-en-performance2-768x432.jpg 768w, https:\/\/vanguard-br.com\/wp-content\/uploads\/2018\/05\/Transformer-votre-vision-en-performance2-1536x864.jpg 1536w, https:\/\/vanguard-br.com\/wp-content\/uploads\/2018\/05\/Transformer-votre-vision-en-performance2-860x484.jpg 860w, https:\/\/vanguard-br.com\/wp-content\/uploads\/2018\/05\/Transformer-votre-vision-en-performance2-1160x653.jpg 1160w, https:\/\/vanguard-br.com\/wp-content\/uploads\/2018\/05\/Transformer-votre-vision-en-performance2-1320x743.jpg 1320w, https:\/\/vanguard-br.com\/wp-content\/uploads\/2018\/05\/Transformer-votre-vision-en-performance2.jpg 1920w\" sizes=\"(max-width: 580px) 100vw, 580px\" \/ data-src=\"https:\/\/vanguard-br.com\/wp-content\/uploads\/2018\/05\/Transformer-votre-vision-en-performance2-580x326.jpg\"><\/a><\/figure><span class=\"cmsmasters_post_category\"><a href=\"https:\/\/vanguard-br.com\/?cat=12\" class=\"cmsmasters_cat_color cmsmasters_cat_12\" rel=\"category tag\">Strat\u00e9gie &amp; Op\u00e9ration<\/a><\/span><\/div>\r\n\t\t<div class=\"cmsmasters_post_cont\">\r\n\t\t\t<div class=\"cmsmasters_post_info clearfix\"><span class=\"cmsmasters_views cmsmasters_post_views\"><span id=\"cmsmastersView-16576\" class=\"cmsmastersView cmsmasters_theme_icon_view\"><span>35<\/span><\/span><\/span><span class=\"cmsmasters_likes cmsmasters_post_likes\"><a href=\"#\" onclick=\"cmsmastersLike(16576, false); return false;\" id=\"cmsmastersLike-16576\" class=\"cmsmastersLike cmsmasters_theme_icon_like\"><span>6 <\/span><\/a><\/span><\/div><header class=\"cmsmasters_post_header entry-header\"><h3 class=\"cmsmasters_post_title entry-title\"><a href=\"https:\/\/vanguard-br.com\/?p=16576\">Comment passer de la vision \u00e0 l&rsquo;action ?<\/a><\/h3><\/header>\t\t<\/div>\r\n\t<\/div>\r\n<\/article>\r\n<!-- Finish Post Masonry Article  -->\r\n\r\n<!-- Start Post Masonry Article  -->\r\n<article id=\"post-2938\" class=\"cmsmasters_post_masonry post-2938 post type-post status-publish format-image has-post-thumbnail hentry category-organisation-et-operation tag-avantage-competitif tag-croissance-durable tag-esprit-de-la-culture tag-excellence-operationnelle tag-identite-culturelle tag-innovation-organisationnelle tag-management-par-la-culture tag-marque-employeur tag-performance-collective post_format-post-format-image\" data-category=\"organisation-et-operation\">\r\n\t<div class=\"cmsmasters_post_cont_wrap\">\r\n\t\t<div class=\"cmsmasters_post_img_wrap\"><figure class=\"cmsmasters_img_wrap\"><a href=\"https:\/\/vanguard-br.com\/wp-content\/uploads\/2018\/02\/culture-dentreprise-levier-de-croissance_art.jpg\" title=\"Culture d&rsquo;entreprise : Levier de croissance\" rel=\"ilightbox[img_2938_69f5ccfb90bff]\" class=\"cmsmasters_img_link\"><img loading=\"lazy\" decoding=\"async\" width=\"580\" height=\"326\" src=\"https:\/\/vanguard-br.com\/wp-content\/uploads\/2018\/02\/culture-dentreprise-levier-de-croissance_art-580x326.jpg\" class=\"\" alt=\"Culture d&rsquo;entreprise : Levier de croissance\" title=\"culture-dentreprise-levier-de-croissance_art\" srcset=\"https:\/\/vanguard-br.com\/wp-content\/uploads\/2018\/02\/culture-dentreprise-levier-de-croissance_art-580x326.jpg 580w, https:\/\/vanguard-br.com\/wp-content\/uploads\/2018\/02\/culture-dentreprise-levier-de-croissance_art-300x169.jpg 300w, https:\/\/vanguard-br.com\/wp-content\/uploads\/2018\/02\/culture-dentreprise-levier-de-croissance_art-1024x576.jpg 1024w, https:\/\/vanguard-br.com\/wp-content\/uploads\/2018\/02\/culture-dentreprise-levier-de-croissance_art-768x432.jpg 768w, https:\/\/vanguard-br.com\/wp-content\/uploads\/2018\/02\/culture-dentreprise-levier-de-croissance_art-1536x864.jpg 1536w, https:\/\/vanguard-br.com\/wp-content\/uploads\/2018\/02\/culture-dentreprise-levier-de-croissance_art-860x484.jpg 860w, https:\/\/vanguard-br.com\/wp-content\/uploads\/2018\/02\/culture-dentreprise-levier-de-croissance_art-1160x653.jpg 1160w, https:\/\/vanguard-br.com\/wp-content\/uploads\/2018\/02\/culture-dentreprise-levier-de-croissance_art-1320x743.jpg 1320w, https:\/\/vanguard-br.com\/wp-content\/uploads\/2018\/02\/culture-dentreprise-levier-de-croissance_art.jpg 1920w\" sizes=\"auto, (max-width: 580px) 100vw, 580px\" \/><\/a><\/figure><span class=\"cmsmasters_post_category\"><a href=\"https:\/\/vanguard-br.com\/?cat=12\" class=\"cmsmasters_cat_color cmsmasters_cat_12\" rel=\"category tag\">Strat\u00e9gie &amp; Op\u00e9ration<\/a><\/span><\/div>\r\n\t\t<div class=\"cmsmasters_post_cont\">\r\n\t\t\t<div class=\"cmsmasters_post_info clearfix\"><span class=\"cmsmasters_views cmsmasters_post_views\"><span id=\"cmsmastersView-2938\" class=\"cmsmastersView cmsmasters_theme_icon_view\"><span>42<\/span><\/span><\/span><span class=\"cmsmasters_likes cmsmasters_post_likes\"><a href=\"#\" onclick=\"cmsmastersLike(2938, false); return false;\" id=\"cmsmastersLike-2938\" class=\"cmsmastersLike cmsmasters_theme_icon_like\"><span>12 <\/span><\/a><\/span><\/div><header class=\"cmsmasters_post_header entry-header\"><h3 class=\"cmsmasters_post_title entry-title\"><a href=\"https:\/\/vanguard-br.com\/?p=2938\">Culture d&rsquo;entreprise : Levier de croissance<\/a><\/h3><\/header>\t\t<\/div>\r\n\t<\/div>\r\n<\/article>\r\n<!-- Finish Post Masonry Article  -->\r\n\r\n<!-- Start Post Masonry Article  -->\r\n<article id=\"post-285\" class=\"cmsmasters_post_masonry post-285 post type-post status-publish format-standard has-post-thumbnail hentry category-organisation-et-operation tag-engagement-des-collaborateurs tag-leadership-en-entreprise tag-management-du-changement tag-performance-organisationnelle tag-strategie-dentreprise tag-transformation-culturelle tag-valeurs-dentreprise\" data-category=\"organisation-et-operation\">\r\n\t<div class=\"cmsmasters_post_cont_wrap\">\r\n\t\t<div class=\"cmsmasters_post_img_wrap\"><figure class=\"cmsmasters_img_wrap\"><a href=\"https:\/\/vanguard-br.com\/?p=285\" title=\"Comment r\u00e9ussir sa culture d&rsquo;entreprise ?\" class=\"cmsmasters_img_link\"><img width=\"580\" height=\"326\"  class=\"full-width wp-post-image lws-optimize-lazyload\" alt=\"Comment r\u00e9ussir sa culture d&rsquo;entreprise ?\" title=\"culture-dentreprise-4-principes-pour-une-transformation-reussie_slide\" srcset=\"https:\/\/vanguard-br.com\/wp-content\/uploads\/2018\/01\/culture-dentreprise-4-principes-pour-une-transformation-reussie_slide-580x326.jpg 580w, https:\/\/vanguard-br.com\/wp-content\/uploads\/2018\/01\/culture-dentreprise-4-principes-pour-une-transformation-reussie_slide-300x169.jpg 300w, https:\/\/vanguard-br.com\/wp-content\/uploads\/2018\/01\/culture-dentreprise-4-principes-pour-une-transformation-reussie_slide-1024x576.jpg 1024w, https:\/\/vanguard-br.com\/wp-content\/uploads\/2018\/01\/culture-dentreprise-4-principes-pour-une-transformation-reussie_slide-768x432.jpg 768w, https:\/\/vanguard-br.com\/wp-content\/uploads\/2018\/01\/culture-dentreprise-4-principes-pour-une-transformation-reussie_slide-1536x864.jpg 1536w, https:\/\/vanguard-br.com\/wp-content\/uploads\/2018\/01\/culture-dentreprise-4-principes-pour-une-transformation-reussie_slide-860x484.jpg 860w, https:\/\/vanguard-br.com\/wp-content\/uploads\/2018\/01\/culture-dentreprise-4-principes-pour-une-transformation-reussie_slide-1160x653.jpg 1160w, https:\/\/vanguard-br.com\/wp-content\/uploads\/2018\/01\/culture-dentreprise-4-principes-pour-une-transformation-reussie_slide-1320x743.jpg 1320w, https:\/\/vanguard-br.com\/wp-content\/uploads\/2018\/01\/culture-dentreprise-4-principes-pour-une-transformation-reussie_slide.jpg 1920w\" sizes=\"(max-width: 580px) 100vw, 580px\" \/ data-src=\"https:\/\/vanguard-br.com\/wp-content\/uploads\/2018\/01\/culture-dentreprise-4-principes-pour-une-transformation-reussie_slide-580x326.jpg\"><\/a><\/figure><span class=\"cmsmasters_post_category\"><a href=\"https:\/\/vanguard-br.com\/?cat=12\" class=\"cmsmasters_cat_color cmsmasters_cat_12\" rel=\"category tag\">Strat\u00e9gie &amp; Op\u00e9ration<\/a><\/span><\/div>\r\n\t\t<div class=\"cmsmasters_post_cont\">\r\n\t\t\t<div class=\"cmsmasters_post_info clearfix\"><span class=\"cmsmasters_views cmsmasters_post_views\"><span id=\"cmsmastersView-285\" class=\"cmsmastersView cmsmasters_theme_icon_view\"><span>30<\/span><\/span><\/span><span class=\"cmsmasters_likes cmsmasters_post_likes\"><a href=\"#\" onclick=\"cmsmastersLike(285, false); return false;\" id=\"cmsmastersLike-285\" class=\"cmsmastersLike cmsmasters_theme_icon_like\"><span>14 <\/span><\/a><\/span><\/div><header class=\"cmsmasters_post_header entry-header\"><h3 class=\"cmsmasters_post_title entry-title\"><a href=\"https:\/\/vanguard-br.com\/?p=285\">Comment r\u00e9ussir sa culture d&rsquo;entreprise ?<\/a><\/h3><\/header>\t\t<\/div>\r\n\t<\/div>\r\n<\/article>\r\n<!-- Finish Post Masonry Article  -->\r\n\r\n<\/div><div class=\"cmsmasters_wrap_more_posts cmsmasters_wrap_more_items\"><div class=\"cmsmasters_wrap_post_loader cmsmasters_wrap_items_loader\">\n\t\t\t\t<a href=\"javascript:void(0)\" class=\"cmsmasters_button cmsmasters_post_loader cmsmasters_items_loader\">\n\t\t\t\t\t<span>Afficher plus d\u2032articles<\/span>\n\t\t\t\t<\/a>\n\t\t\t<\/div><\/div><\/div>\n<\/div><\/div>\n<\/div>\n<\/div>\n<\/div>\n<\/div>\n<\/div>\n\n","protected":false},"excerpt":{"rendered":"","protected":false},"author":1,"featured_media":0,"parent":0,"menu_order":0,"comment_status":"closed","ping_status":"closed","template":"","meta":{"footnotes":""},"class_list":["post-18176","page","type-page","status-publish","hentry"],"yoast_head":"<!-- This site is optimized with the Yoast SEO Premium plugin v25.2 (Yoast SEO v27.5) - https:\/\/yoast.com\/product\/yoast-seo-premium-wordpress\/ -->\n<title>Les acteurs du progr\u00e8s - VBR<\/title>\n<meta name=\"robots\" content=\"index, follow, max-snippet:-1, max-image-preview:large, max-video-preview:-1\" \/>\n<link rel=\"canonical\" href=\"https:\/\/vanguard-br.com\/?page_id=18176\" \/>\n<meta property=\"og:locale\" content=\"fr_FR\" \/>\n<meta property=\"og:type\" content=\"article\" \/>\n<meta property=\"og:title\" content=\"Les acteurs du progr\u00e8s\" \/>\n<meta property=\"og:url\" content=\"https:\/\/vanguard-br.com\/?page_id=18176\" \/>\n<meta property=\"og:site_name\" content=\"VBR\" \/>\n<meta property=\"article:modified_time\" content=\"2025-06-15T22:20:05+00:00\" \/>\n<meta name=\"twitter:card\" content=\"summary_large_image\" \/>\n<meta name=\"twitter:site\" content=\"@VBR_ci\" \/>\n<meta name=\"twitter:label1\" content=\"Dur\u00e9e de lecture estim\u00e9e\" \/>\n\t<meta name=\"twitter:data1\" content=\"3 minutes\" \/>\n<script type=\"application\/ld+json\" class=\"yoast-schema-graph\">{\"@context\":\"https:\\\/\\\/schema.org\",\"@graph\":[{\"@type\":\"WebPage\",\"@id\":\"https:\\\/\\\/vanguard-br.com\\\/?page_id=18176\",\"url\":\"https:\\\/\\\/vanguard-br.com\\\/?page_id=18176\",\"name\":\"Les acteurs du progr\u00e8s - VBR\",\"isPartOf\":{\"@id\":\"https:\\\/\\\/vanguard-br.com\\\/#website\"},\"datePublished\":\"2025-06-07T11:21:54+00:00\",\"dateModified\":\"2025-06-15T22:20:05+00:00\",\"breadcrumb\":{\"@id\":\"https:\\\/\\\/vanguard-br.com\\\/?page_id=18176#breadcrumb\"},\"inLanguage\":\"fr-FR\",\"potentialAction\":[{\"@type\":\"ReadAction\",\"target\":[\"https:\\\/\\\/vanguard-br.com\\\/?page_id=18176\"]}]},{\"@type\":\"BreadcrumbList\",\"@id\":\"https:\\\/\\\/vanguard-br.com\\\/?page_id=18176#breadcrumb\",\"itemListElement\":[{\"@type\":\"ListItem\",\"position\":1,\"name\":\"Accueil\",\"item\":\"https:\\\/\\\/vanguard-br.com\\\/\"},{\"@type\":\"ListItem\",\"position\":2,\"name\":\"Les acteurs du progr\u00e8s\"}]},{\"@type\":\"WebSite\",\"@id\":\"https:\\\/\\\/vanguard-br.com\\\/#website\",\"url\":\"https:\\\/\\\/vanguard-br.com\\\/\",\"name\":\"VBR\",\"description\":\"Savoir pouvoir cro\u00eetre\",\"publisher\":{\"@id\":\"https:\\\/\\\/vanguard-br.com\\\/#organization\"},\"potentialAction\":[{\"@type\":\"SearchAction\",\"target\":{\"@type\":\"EntryPoint\",\"urlTemplate\":\"https:\\\/\\\/vanguard-br.com\\\/?s={search_term_string}\"},\"query-input\":{\"@type\":\"PropertyValueSpecification\",\"valueRequired\":true,\"valueName\":\"search_term_string\"}}],\"inLanguage\":\"fr-FR\"},{\"@type\":\"Organization\",\"@id\":\"https:\\\/\\\/vanguard-br.com\\\/#organization\",\"name\":\"VBR\",\"url\":\"https:\\\/\\\/vanguard-br.com\\\/\",\"logo\":{\"@type\":\"ImageObject\",\"inLanguage\":\"fr-FR\",\"@id\":\"https:\\\/\\\/vanguard-br.com\\\/#\\\/schema\\\/logo\\\/image\\\/\",\"url\":\"https:\\\/\\\/vanguard-br.com\\\/wp-content\\\/uploads\\\/2025\\\/03\\\/Logo_VG.png\",\"contentUrl\":\"https:\\\/\\\/vanguard-br.com\\\/wp-content\\\/uploads\\\/2025\\\/03\\\/Logo_VG.png\",\"width\":1034,\"height\":236,\"caption\":\"VBR\"},\"image\":{\"@id\":\"https:\\\/\\\/vanguard-br.com\\\/#\\\/schema\\\/logo\\\/image\\\/\"},\"sameAs\":[\"https:\\\/\\\/x.com\\\/VBR_ci\",\"https:\\\/\\\/www.linkedin.com\\\/company\\\/vanguard-br\\\/\"]}]}<\/script>\n<!-- \/ Yoast SEO Premium plugin. -->","yoast_head_json":{"title":"Les acteurs du progr\u00e8s - VBR","robots":{"index":"index","follow":"follow","max-snippet":"max-snippet:-1","max-image-preview":"max-image-preview:large","max-video-preview":"max-video-preview:-1"},"canonical":"https:\/\/vanguard-br.com\/?page_id=18176","og_locale":"fr_FR","og_type":"article","og_title":"Les acteurs du progr\u00e8s","og_url":"https:\/\/vanguard-br.com\/?page_id=18176","og_site_name":"VBR","article_modified_time":"2025-06-15T22:20:05+00:00","twitter_card":"summary_large_image","twitter_site":"@VBR_ci","twitter_misc":{"Dur\u00e9e de lecture estim\u00e9e":"3 minutes"},"schema":{"@context":"https:\/\/schema.org","@graph":[{"@type":"WebPage","@id":"https:\/\/vanguard-br.com\/?page_id=18176","url":"https:\/\/vanguard-br.com\/?page_id=18176","name":"Les acteurs du progr\u00e8s - VBR","isPartOf":{"@id":"https:\/\/vanguard-br.com\/#website"},"datePublished":"2025-06-07T11:21:54+00:00","dateModified":"2025-06-15T22:20:05+00:00","breadcrumb":{"@id":"https:\/\/vanguard-br.com\/?page_id=18176#breadcrumb"},"inLanguage":"fr-FR","potentialAction":[{"@type":"ReadAction","target":["https:\/\/vanguard-br.com\/?page_id=18176"]}]},{"@type":"BreadcrumbList","@id":"https:\/\/vanguard-br.com\/?page_id=18176#breadcrumb","itemListElement":[{"@type":"ListItem","position":1,"name":"Accueil","item":"https:\/\/vanguard-br.com\/"},{"@type":"ListItem","position":2,"name":"Les acteurs du progr\u00e8s"}]},{"@type":"WebSite","@id":"https:\/\/vanguard-br.com\/#website","url":"https:\/\/vanguard-br.com\/","name":"VBR","description":"Savoir pouvoir cro\u00eetre","publisher":{"@id":"https:\/\/vanguard-br.com\/#organization"},"potentialAction":[{"@type":"SearchAction","target":{"@type":"EntryPoint","urlTemplate":"https:\/\/vanguard-br.com\/?s={search_term_string}"},"query-input":{"@type":"PropertyValueSpecification","valueRequired":true,"valueName":"search_term_string"}}],"inLanguage":"fr-FR"},{"@type":"Organization","@id":"https:\/\/vanguard-br.com\/#organization","name":"VBR","url":"https:\/\/vanguard-br.com\/","logo":{"@type":"ImageObject","inLanguage":"fr-FR","@id":"https:\/\/vanguard-br.com\/#\/schema\/logo\/image\/","url":"https:\/\/vanguard-br.com\/wp-content\/uploads\/2025\/03\/Logo_VG.png","contentUrl":"https:\/\/vanguard-br.com\/wp-content\/uploads\/2025\/03\/Logo_VG.png","width":1034,"height":236,"caption":"VBR"},"image":{"@id":"https:\/\/vanguard-br.com\/#\/schema\/logo\/image\/"},"sameAs":["https:\/\/x.com\/VBR_ci","https:\/\/www.linkedin.com\/company\/vanguard-br\/"]}]}},"_links":{"self":[{"href":"https:\/\/vanguard-br.com\/index.php?rest_route=\/wp\/v2\/pages\/18176","targetHints":{"allow":["GET"]}}],"collection":[{"href":"https:\/\/vanguard-br.com\/index.php?rest_route=\/wp\/v2\/pages"}],"about":[{"href":"https:\/\/vanguard-br.com\/index.php?rest_route=\/wp\/v2\/types\/page"}],"author":[{"embeddable":true,"href":"https:\/\/vanguard-br.com\/index.php?rest_route=\/wp\/v2\/users\/1"}],"replies":[{"embeddable":true,"href":"https:\/\/vanguard-br.com\/index.php?rest_route=%2Fwp%2Fv2%2Fcomments&post=18176"}],"version-history":[{"count":97,"href":"https:\/\/vanguard-br.com\/index.php?rest_route=\/wp\/v2\/pages\/18176\/revisions"}],"predecessor-version":[{"id":18517,"href":"https:\/\/vanguard-br.com\/index.php?rest_route=\/wp\/v2\/pages\/18176\/revisions\/18517"}],"wp:attachment":[{"href":"https:\/\/vanguard-br.com\/index.php?rest_route=%2Fwp%2Fv2%2Fmedia&parent=18176"}],"curies":[{"name":"wp","href":"https:\/\/api.w.org\/{rel}","templated":true}]}}