{"id":14949,"date":"2018-04-19T07:18:01","date_gmt":"2018-04-19T07:18:01","guid":{"rendered":"http:\/\/magazilla.cmsmasters.net\/?page_id=14949"},"modified":"2025-06-05T17:58:49","modified_gmt":"2025-06-05T15:58:49","slug":"about-us","status":"publish","type":"page","link":"https:\/\/vanguard-br.com\/?page_id=14949","title":{"rendered":"L&rsquo;\u00e9quipe VBR"},"content":{"rendered":"<div id=\"cmsmasters_row_0xzy3g18m\" class=\"cmsmasters_row cmsmasters_color_scheme_default cmsmasters_row_top_default cmsmasters_row_bot_default cmsmasters_row_boxed\">\n<div class=\"cmsmasters_row_outer_parent\">\n<div class=\"cmsmasters_row_outer\">\n<div class=\"cmsmasters_row_inner\">\n<div class=\"cmsmasters_row_margin\">\n<div id=\"cmsmasters_column_m6wgj9lkk\" class=\"cmsmasters_column one_first\">\n<div class=\"cmsmasters_column_inner\"><div id=\"cmsmasters_heading_vyf1pw41y6\" class=\"cmsmasters_heading_wrap cmsmasters_heading_align_left\">\n\t<h2 class=\"cmsmasters_heading\">Notre vision<\/h2>\n<\/div><div class=\"cmsmasters_text\">\n<p class=\"\" data-start=\"206\" data-end=\"534\">Chez <strong data-start=\"211\" data-end=\"218\">VBR<\/strong>, nous croyons en une Afrique o\u00f9 l\u2019information \u00e9conomique de qualit\u00e9 devient un levier de transformation, d\u2019ambition et d\u2019impact.<br data-start=\"347\" data-end=\"350\" \/>Notre vision est claire : <strong data-start=\"376\" data-end=\"439\">faire \u00e9merger une nouvelle g\u00e9n\u00e9ration de d\u00e9cideurs \u00e9clair\u00e9s<\/strong>, nourris par des analyses rigoureuses, des perspectives strat\u00e9giques et des r\u00e9cits inspirants.<\/p>\n<p class=\"\" data-start=\"536\" data-end=\"750\">Nous aspirons \u00e0 devenir la <strong data-start=\"563\" data-end=\"630\">voix de r\u00e9f\u00e9rence des professionnels et entrepreneurs africains<\/strong>, en rendant visibles les innovations, les mod\u00e8les vertueux et les trajectoires d\u2019excellence qui fa\u00e7onnent le continent.<\/p>\n<p class=\"\" data-start=\"752\" data-end=\"769\">Nos convictions :<\/p>\n<ul class=\"list list-mark-1\">\n<li>L\u2019information doit \u00eatre un <strong data-start=\"800\" data-end=\"838\">outil de pouvoir, pas un privil\u00e8ge ;<\/strong><\/li>\n<li>Le continent regorge de <strong data-start=\"866\" data-end=\"907\">leaders silencieux qu\u2019il faut r\u00e9v\u00e9ler ;<\/strong><\/li>\n<li>Les id\u00e9es justes, <strong data-start=\"929\" data-end=\"978\">quand elles circulent, changent les pratiques.<\/strong><\/li>\n<\/ul>\n<\/div>\n<\/div><\/div>\n<\/div>\n<\/div>\n<\/div>\n<\/div>\n<\/div>\n<div id=\"cmsmasters_row_wmzb7ucrih\" class=\"cmsmasters_row cmsmasters_color_scheme_default cmsmasters_row_top_default cmsmasters_row_bot_default cmsmasters_row_boxed\">\n<div class=\"cmsmasters_row_outer_parent\">\n<div class=\"cmsmasters_row_outer\">\n<div class=\"cmsmasters_row_inner\">\n<div class=\"cmsmasters_row_margin\">\n<div id=\"cmsmasters_column_m10yr0latk\" class=\"cmsmasters_column one_first\">\n<div class=\"cmsmasters_column_inner\">\n<div id=\"cmsmasters_divider_vjei54b5bj\" class=\"cmsmasters_divider cmsmasters_divider_width_long cmsmasters_divider_pos_center\"><\/div>\n<\/div><\/div>\n<\/div>\n<\/div>\n<\/div>\n<\/div>\n<\/div>\n<div id=\"cmsmasters_row_hld5gv7l38\" class=\"cmsmasters_row cmsmasters_color_scheme_default cmsmasters_row_top_default cmsmasters_row_bot_default cmsmasters_row_boxed\">\n<div class=\"cmsmasters_row_outer_parent\">\n<div class=\"cmsmasters_row_outer\">\n<div class=\"cmsmasters_row_inner\">\n<div class=\"cmsmasters_row_margin\">\n<div id=\"cmsmasters_column_yfhqjgm3vn\" class=\"cmsmasters_column one_first\">\n<div class=\"cmsmasters_column_inner\"><div id=\"cmsmasters_heading_gdofrugbg\" class=\"cmsmasters_heading_wrap cmsmasters_heading_align_left\">\n\t<h2 class=\"cmsmasters_heading\">Notre \u00e9quipe<\/h2>\n<\/div>\n<\/div><\/div>\n<\/div>\n<\/div>\n<\/div>\n<\/div>\n<\/div>\n<div id=\"cmsmasters_row_pxbh8jkub\" class=\"cmsmasters_row cmsmasters_color_scheme_default cmsmasters_row_top_default cmsmasters_row_bot_default cmsmasters_row_boxed\">\n<div class=\"cmsmasters_row_outer_parent\">\n<div class=\"cmsmasters_row_outer\">\n<div class=\"cmsmasters_row_inner\">\n<div class=\"cmsmasters_row_margin\">\n<div id=\"cmsmasters_column_e3hbfua8x\" class=\"cmsmasters_column one_first\">\n<div class=\"cmsmasters_column_inner\">\n<div id=\"cmsmasters_profile_69f644ef72b19\" class=\"cmsmasters_profile horizontal\">\n<!-- Start Profile Horizontal Article  -->\r\n<article id=\"post-1619\" class=\"cmsmasters_profile_horizontal one_half post-1619 profile type-profile status-publish has-post-thumbnail hentry pl-categs-foundateur\">\r\n\t<div class=\"profile_outer\">\r\n\t\t<div class=\"profile_image_wrap\"><figure class=\"cmsmasters_img_wrap\"><a href=\"https:\/\/vanguard-br.com\/?profile=leonce-gbedje\" title=\"L\u00e9once GBEDJE\" class=\"cmsmasters_img_link\"><img width=\"360\" height=\"360\"  class=\" wp-post-image lws-optimize-lazyload\" alt=\"L\u00e9once GBEDJE\" title=\"Le\u0301once_GBEDJE\" srcset=\"https:\/\/vanguard-br.com\/wp-content\/uploads\/2015\/11\/Leonce_GBEDJE-e1749115943286-360x360.jpg 360w, https:\/\/vanguard-br.com\/wp-content\/uploads\/2015\/11\/Leonce_GBEDJE-e1749115943286-150x150.jpg 150w, https:\/\/vanguard-br.com\/wp-content\/uploads\/2015\/11\/Leonce_GBEDJE-e1749115943286-120x120.jpg 120w\" sizes=\"(max-width: 360px) 100vw, 360px\" \/ data-src=\"https:\/\/vanguard-br.com\/wp-content\/uploads\/2015\/11\/Leonce_GBEDJE-e1749115943286-360x360.jpg\"><\/a><\/figure><\/div><div class=\"profile_inner\"><h5 class=\"cmsmasters_profile_subtitle\">Co-Fondateur<\/h5><header class=\"cmsmasters_profile_header entry-header\"><h3 class=\"cmsmasters_profile_title entry-title\"><a href=\"https:\/\/vanguard-br.com\/?profile=leonce-gbedje\">L\u00e9once GBEDJE<\/a><\/h3><\/header><div class=\"cmsmasters_profile_content entry-content\">\n<p>Entrepreneur et expert en transformation, L\u00e9once impulse la vision globale de VBR. Son apport r\u00e9side dans une capacit\u00e9 \u00e0 allier rigueur analytique et sens de l\u2019innovation pour faire du m\u00e9dia une plateforme \u00e0 fort impact. Il garantit la coh\u00e9rence \u00e9ditoriale avec les grands enjeux \u00e9conomiques, technologiques et soci\u00e9taux du continent.<\/p>\n<\/div>\n<div class=\"profile_social_icons\"><ul class=\"profile_social_icons_list\"><li><a href=\"#\" class=\"cmsmasters_social_icon cmsmasters_social_icon_dz3x61j3i_1 cmsmasters-icon-twitter\" title=\"\"><\/a><\/li><li><a href=\"#\" class=\"cmsmasters_social_icon cmsmasters_social_icon_dz3x61j3i_2 cmsmasters-icon-facebook\" title=\"\"><\/a><\/li><li><a href=\"#\" class=\"cmsmasters_social_icon cmsmasters_social_icon_dz3x61j3i_3 cmsmasters-icon-google\" title=\"\"><\/a><\/li><li><a href=\"#\" class=\"cmsmasters_social_icon cmsmasters_social_icon_dz3x61j3i_4 cmsmasters-icon-youtube\" title=\"\"><\/a><\/li><\/ul><\/div><\/div>\t<\/div>\r\n<\/article>\r\n<!-- Finish Profile Horizontal Article  -->\r\n\r\n<!-- Start Profile Horizontal Article  -->\r\n<article id=\"post-11025\" class=\"cmsmasters_profile_horizontal one_half post-11025 profile type-profile status-publish has-post-thumbnail hentry pl-categs-foundateur\">\r\n\t<div class=\"profile_outer\">\r\n\t\t<div class=\"profile_image_wrap\"><figure class=\"cmsmasters_img_wrap\"><a href=\"https:\/\/vanguard-br.com\/?profile=armelle-kone\" title=\"Armelle KON\u00c9\" class=\"cmsmasters_img_link\"><img width=\"360\" height=\"360\"  class=\" wp-post-image lws-optimize-lazyload\" alt=\"Armelle KON\u00c9\" title=\"Armelle_KONE\" srcset=\"https:\/\/vanguard-br.com\/wp-content\/uploads\/2016\/06\/Armelle_KONE-e1749115701736-360x360.jpg 360w, https:\/\/vanguard-br.com\/wp-content\/uploads\/2016\/06\/Armelle_KONE-e1749115701736-150x150.jpg 150w, https:\/\/vanguard-br.com\/wp-content\/uploads\/2016\/06\/Armelle_KONE-e1749115701736-120x120.jpg 120w\" sizes=\"(max-width: 360px) 100vw, 360px\" \/ data-src=\"https:\/\/vanguard-br.com\/wp-content\/uploads\/2016\/06\/Armelle_KONE-e1749115701736-360x360.jpg\"><\/a><\/figure><\/div><div class=\"profile_inner\"><h5 class=\"cmsmasters_profile_subtitle\">Co-Fondateur<\/h5><header class=\"cmsmasters_profile_header entry-header\"><h3 class=\"cmsmasters_profile_title entry-title\"><a href=\"https:\/\/vanguard-br.com\/?profile=armelle-kone\">Armelle KON\u00c9<\/a><\/h3><\/header><div class=\"cmsmasters_profile_content entry-content\">\n<p>Sp\u00e9cialiste en strat\u00e9gie et op\u00e9rations, Armelle pilote la dynamique de d\u00e9veloppement de VBR. Elle coordonne le positionnement strat\u00e9gique du m\u00e9dia, supervise les partenariats \u00e0 impact et oriente les choix \u00e9ditoriaux. Engag\u00e9e sur l\u2019excellence du fond et de la forme, elle veille \u00e0 ce que chaque publication incarne l\u2019exigence, la clart\u00e9 et la pertinence qui d\u00e9finissent l\u2019ADN de VBR.<\/p>\n<\/div>\n<div class=\"profile_social_icons\"><ul class=\"profile_social_icons_list\"><li><a href=\"#\" class=\"cmsmasters_social_icon cmsmasters_social_icon_dz3x61j3i_1 cmsmasters-icon-twitter\" title=\"\"><\/a><\/li><li><a href=\"#\" class=\"cmsmasters_social_icon cmsmasters_social_icon_dz3x61j3i_2 cmsmasters-icon-facebook\" title=\"\"><\/a><\/li><li><a href=\"#\" class=\"cmsmasters_social_icon cmsmasters_social_icon_dz3x61j3i_3 cmsmasters-icon-google\" title=\"\"><\/a><\/li><li><a href=\"#\" class=\"cmsmasters_social_icon cmsmasters_social_icon_dz3x61j3i_4 cmsmasters-icon-youtube\" title=\"\"><\/a><\/li><\/ul><\/div><\/div>\t<\/div>\r\n<\/article>\r\n<!-- Finish Profile Horizontal Article  -->\r\n\r\n<\/div>\n<\/div><\/div>\n<\/div>\n<\/div>\n<\/div>\n<\/div>\n<\/div>\n<div id=\"cmsmasters_row_6qatl805x6\" class=\"cmsmasters_row cmsmasters_color_scheme_default cmsmasters_row_top_default cmsmasters_row_bot_default cmsmasters_row_boxed\">\n<div class=\"cmsmasters_row_outer_parent\">\n<div class=\"cmsmasters_row_outer\">\n<div class=\"cmsmasters_row_inner\">\n<div class=\"cmsmasters_row_margin\">\n<div id=\"cmsmasters_column_53tcmxvuvd\" class=\"cmsmasters_column one_first\">\n<div class=\"cmsmasters_column_inner\">\n<div id=\"cmsmasters_divider_vf7mpukhd\" class=\"cmsmasters_divider cmsmasters_divider_width_long cmsmasters_divider_pos_center\"><\/div>\n<\/div><\/div>\n<\/div>\n<\/div>\n<\/div>\n<\/div>\n<\/div>\n<div id=\"cmsmasters_row_p351kb7vbg\" class=\"cmsmasters_row cmsmasters_color_scheme_default cmsmasters_row_top_default cmsmasters_row_bot_default cmsmasters_row_boxed\">\n<div class=\"cmsmasters_row_outer_parent\">\n<div class=\"cmsmasters_row_outer\">\n<div class=\"cmsmasters_row_inner\">\n<div class=\"cmsmasters_row_margin\">\n<div id=\"cmsmasters_column_qzoz7y7dw\" class=\"cmsmasters_column one_half\">\n<div class=\"cmsmasters_column_inner\"><div id=\"cmsmasters_heading_afam6czb\" class=\"cmsmasters_heading_wrap cmsmasters_heading_align_left\">\n\t<h2 class=\"cmsmasters_heading\">Contactez-nous<\/h2>\n<\/div><div id=\"cmsmasters_heading_uguu2eplf\" class=\"cmsmasters_heading_wrap cmsmasters_heading_align_left\">\n\t<h2 class=\"cmsmasters_heading\">Abidjan<\/h2>\n<\/div><div class=\"cmsmasters_text\">\n<p class=\"p1\">06 BP 2709 Abidjan 06<\/p>\n<p>Tel: (+225) 07 08080489<br \/>\nTel: (+225) 07 88888850<br \/>\n<a href=\"mailto:contact@vanguard-br.com\">contact@vanguard-br.com<\/a><\/p>\n<\/div>\n<\/div><\/div>\n<div id=\"cmsmasters_column_o2de7zi8ua\" class=\"cmsmasters_column one_half\">\n<div class=\"cmsmasters_column_inner\"><div id=\"cmsmasters_heading_ji6nkv2gx7\" class=\"cmsmasters_heading_wrap cmsmasters_heading_align_left\">\n\t<h2 class=\"cmsmasters_heading\">\u00c0 propos de VBR<\/h2>\n<\/div><div id=\"cmsmasters_toggles_ryhrovpo9v\" class=\"cmsmasters_toggles toggles_mode_accordion\">\n<div class=\"cmsmasters_toggle_wrap\" data-tags=\"all \">\n<div class=\"cmsmasters_toggle_title\">\n<span class=\"cmsmasters_toggle_plus\">\n<span class=\"cmsmasters_toggle_plus_hor\"><\/span>\n<span class=\"cmsmasters_toggle_plus_vert\"><\/span>\n<\/span>\n<a href=\"#\">Pourquoi nous choisir ?<\/a>\n<\/div>\n<div class=\"cmsmasters_toggle\">\n<div class=\"cmsmasters_toggle_inner\">\n<p>Chez <strong data-start=\"225\" data-end=\"232\">VBR<\/strong>, nous ne suivons pas l\u2019actualit\u00e9 <strong data-start=\"268\" data-end=\"288\">nous l\u2019\u00e9clairons<\/strong>.<br data-start=\"289\" data-end=\"292\" \/>Notre force r\u00e9side dans notre capacit\u00e9 \u00e0 croiser <strong data-start=\"341\" data-end=\"363\">rigueur analytique<\/strong>, <strong data-start=\"365\" data-end=\"387\">qualit\u00e9 \u00e9ditoriale<\/strong>, et <strong data-start=\"392\" data-end=\"439\">compr\u00e9hension profonde des enjeux africains<\/strong>. Nous s\u00e9lectionnons chaque sujet avec soin, pour proposer des contenus qui ne se consomment pas, mais <strong data-start=\"542\" data-end=\"595\">qui servent \u00e0 d\u00e9cider, \u00e0 anticiper, \u00e0 transformer<\/strong>.<\/p>\n<\/div>\n<\/div>\n<\/div><div class=\"cmsmasters_toggle_wrap\" data-tags=\"all \">\n<div class=\"cmsmasters_toggle_title\">\n<span class=\"cmsmasters_toggle_plus\">\n<span class=\"cmsmasters_toggle_plus_hor\"><\/span>\n<span class=\"cmsmasters_toggle_plus_vert\"><\/span>\n<\/span>\n<a href=\"#\">Comment partager un article ?<\/a>\n<\/div>\n<div class=\"cmsmasters_toggle\">\n<div class=\"cmsmasters_toggle_inner\">\n<p>Vous \u00eates un professionnel, un chercheur ou un entrepreneur avec une expertise \u00e0 partager ?<br data-start=\"731\" data-end=\"734\" \/>Envoyez votre proposition votre projet d&rsquo;article \u00e0 l\u2019adresse <strong data-start=\"804\" data-end=\"832\"><a class=\"cursor-pointer\" rel=\"noopener\" data-start=\"806\" data-end=\"830\">contributions@vanguard-br.com<\/a><\/strong><br data-start=\"833\" data-end=\"836\" \/>Chaque contribution est relue, structur\u00e9e, puis valid\u00e9e par notre comit\u00e9 \u00e9ditorial pour garantir <strong data-start=\"933\" data-end=\"973\">pertinence, clart\u00e9 et valeur ajout\u00e9e<\/strong>.<\/p>\n<\/div>\n<\/div>\n<\/div><div class=\"cmsmasters_toggle_wrap\" data-tags=\"all \">\n<div class=\"cmsmasters_toggle_title\">\n<span class=\"cmsmasters_toggle_plus\">\n<span class=\"cmsmasters_toggle_plus_hor\"><\/span>\n<span class=\"cmsmasters_toggle_plus_vert\"><\/span>\n<\/span>\n<a href=\"#\">Pourquoi ce site est utile ?<\/a>\n<\/div>\n<div class=\"cmsmasters_toggle\">\n<div class=\"cmsmasters_toggle_inner\">\n<p class=\"\" data-start=\"1018\" data-end=\"1370\"><strong data-start=\"1018\" data-end=\"1061\">VBR est un outil de veille strat\u00e9gique.<\/strong><br data-start=\"1061\" data-end=\"1064\" \/>Il centralise des analyses de fond, des retours d\u2019exp\u00e9rience, des d\u00e9cryptages sectoriels et des tribunes exclusives.<br data-start=\"1180\" data-end=\"1183\" \/>Vous \u00eates un d\u00e9cideur, un cadre, un entrepreneur, un \u00e9tudiant ?<br data-start=\"1246\" data-end=\"1249\" \/><strong data-start=\"1249\" data-end=\"1370\">Gagnez du temps. Formez-vous en continu. Alimentez vos d\u00e9cisions avec du contenu fiable, ancr\u00e9, et orient\u00e9 solutions.<\/strong><\/p>\n<\/div>\n<\/div>\n<\/div><div class=\"cmsmasters_toggle_wrap\" data-tags=\"all \">\n<div class=\"cmsmasters_toggle_title\">\n<span class=\"cmsmasters_toggle_plus\">\n<span class=\"cmsmasters_toggle_plus_hor\"><\/span>\n<span class=\"cmsmasters_toggle_plus_vert\"><\/span>\n<\/span>\n<a href=\"#\">Comment devenir auteur ?<\/a>\n<\/div>\n<div class=\"cmsmasters_toggle\">\n<div class=\"cmsmasters_toggle_inner\">\n<p class=\"\" data-start=\"1410\" data-end=\"1579\">Nous accueillons r\u00e9guli\u00e8rement de <strong data-start=\"1444\" data-end=\"1472\">nouveaux auteurs invit\u00e9s<\/strong> qui partagent notre exigence \u00e9ditoriale et notre vision constructive du continent.<br data-start=\"1555\" data-end=\"1558\" \/>Pour nous rejoindre :<\/p>\n<ul data-start=\"1580\" data-end=\"1759\">\n<li class=\"\" data-start=\"1580\" data-end=\"1634\">\n<p class=\"\" data-start=\"1582\" data-end=\"1634\">Pr\u00e9sentez votre profil et votre domaine d\u2019expertise.<\/p>\n<\/li>\n<li class=\"\" data-start=\"1635\" data-end=\"1689\">\n<p class=\"\" data-start=\"1637\" data-end=\"1689\">Proposez un th\u00e8me d\u2019article ou une s\u00e9rie d\u2019analyses.<\/p>\n<\/li>\n<li class=\"\" data-start=\"1690\" data-end=\"1759\">\n<p class=\"\" data-start=\"1692\" data-end=\"1759\">Engagez-vous sur nos valeurs : <strong data-start=\"1723\" data-end=\"1758\">cr\u00e9dibilit\u00e9, int\u00e9grit\u00e9, utilit\u00e9<\/strong>.<\/p>\n<\/li>\n<\/ul>\n<p class=\"\" data-start=\"1761\" data-end=\"1802\">\u00c9crivez-nous \u00e0 : <strong data-start=\"1778\" data-end=\"1802\"><a class=\"cursor-pointer\" rel=\"noopener\" data-start=\"1780\" data-end=\"1800\">redaction@vanguard-br.com<\/a><\/strong><\/p>\n<\/div>\n<\/div>\n<\/div><div class=\"cmsmasters_toggle_wrap\" data-tags=\"all \">\n<div class=\"cmsmasters_toggle_title\">\n<span class=\"cmsmasters_toggle_plus\">\n<span class=\"cmsmasters_toggle_plus_hor\"><\/span>\n<span class=\"cmsmasters_toggle_plus_vert\"><\/span>\n<\/span>\n<a href=\"#\">Pourquoi nous suivre ?<\/a>\n<\/div>\n<div class=\"cmsmasters_toggle\">\n<div class=\"cmsmasters_toggle_inner\">\n<p>Parce que nous combinons <strong data-start=\"1877\" data-end=\"1903\">la puissance des id\u00e9es<\/strong> et <strong data-start=\"1907\" data-end=\"1933\">la pr\u00e9cision des faits<\/strong>.<br data-start=\"1934\" data-end=\"1937\" \/>Parce que nous parlons de l\u2019Afrique <strong data-start=\"1973\" data-end=\"2007\">sans filtre, mais avec m\u00e9thode<\/strong>.<br data-start=\"2008\" data-end=\"2011\" \/>Parce que nous avons r\u00e9uni une communaut\u00e9 d\u2019experts, d\u2019entrepreneurs et de d\u00e9cideurs qui <strong data-start=\"2100\" data-end=\"2156\">influencent r\u00e9ellement les trajectoires du continent<\/strong>.<br data-start=\"2157\" data-end=\"2160\" \/><strong data-start=\"2160\" data-end=\"2249\">VBR n\u2019est pas un simple m\u00e9dia : c\u2019est une plateforme de transformation par le savoir.<\/strong><\/p>\n<\/div>\n<\/div>\n<\/div><\/div>\n<\/div><\/div>\n<\/div>\n<\/div>\n<\/div>\n<\/div>\n<\/div>\n\n","protected":false},"excerpt":{"rendered":"","protected":false},"author":1,"featured_media":0,"parent":0,"menu_order":0,"comment_status":"closed","ping_status":"closed","template":"","meta":{"footnotes":""},"class_list":["post-14949","page","type-page","status-publish","hentry"],"yoast_head":"<!-- This site is optimized with the Yoast SEO Premium plugin v25.2 (Yoast SEO v27.5) - https:\/\/yoast.com\/product\/yoast-seo-premium-wordpress\/ -->\n<title>L&#039;\u00e9quipe VBR - VBR<\/title>\n<meta name=\"robots\" content=\"index, follow, max-snippet:-1, max-image-preview:large, max-video-preview:-1\" \/>\n<link rel=\"canonical\" href=\"https:\/\/vanguard-br.com\/?page_id=14949\" \/>\n<meta property=\"og:locale\" content=\"fr_FR\" \/>\n<meta property=\"og:type\" content=\"article\" \/>\n<meta property=\"og:title\" content=\"L&#039;\u00e9quipe VBR\" \/>\n<meta property=\"og:url\" content=\"https:\/\/vanguard-br.com\/?page_id=14949\" \/>\n<meta property=\"og:site_name\" content=\"VBR\" \/>\n<meta property=\"article:modified_time\" content=\"2025-06-05T15:58:49+00:00\" \/>\n<meta name=\"twitter:card\" content=\"summary_large_image\" \/>\n<meta name=\"twitter:site\" content=\"@VBR_ci\" \/>\n<meta name=\"twitter:label1\" content=\"Dur\u00e9e de lecture estim\u00e9e\" \/>\n\t<meta name=\"twitter:data1\" content=\"4 minutes\" \/>\n<script type=\"application\/ld+json\" class=\"yoast-schema-graph\">{\"@context\":\"https:\\\/\\\/schema.org\",\"@graph\":[{\"@type\":\"WebPage\",\"@id\":\"https:\\\/\\\/vanguard-br.com\\\/?page_id=14949\",\"url\":\"https:\\\/\\\/vanguard-br.com\\\/?page_id=14949\",\"name\":\"L'\u00e9quipe VBR - VBR\",\"isPartOf\":{\"@id\":\"https:\\\/\\\/vanguard-br.com\\\/#website\"},\"datePublished\":\"2018-04-19T07:18:01+00:00\",\"dateModified\":\"2025-06-05T15:58:49+00:00\",\"breadcrumb\":{\"@id\":\"https:\\\/\\\/vanguard-br.com\\\/?page_id=14949#breadcrumb\"},\"inLanguage\":\"fr-FR\",\"potentialAction\":[{\"@type\":\"ReadAction\",\"target\":[\"https:\\\/\\\/vanguard-br.com\\\/?page_id=14949\"]}]},{\"@type\":\"BreadcrumbList\",\"@id\":\"https:\\\/\\\/vanguard-br.com\\\/?page_id=14949#breadcrumb\",\"itemListElement\":[{\"@type\":\"ListItem\",\"position\":1,\"name\":\"Accueil\",\"item\":\"https:\\\/\\\/vanguard-br.com\\\/\"},{\"@type\":\"ListItem\",\"position\":2,\"name\":\"L&rsquo;\u00e9quipe VBR\"}]},{\"@type\":\"WebSite\",\"@id\":\"https:\\\/\\\/vanguard-br.com\\\/#website\",\"url\":\"https:\\\/\\\/vanguard-br.com\\\/\",\"name\":\"VBR\",\"description\":\"Savoir pouvoir cro\u00eetre\",\"publisher\":{\"@id\":\"https:\\\/\\\/vanguard-br.com\\\/#organization\"},\"potentialAction\":[{\"@type\":\"SearchAction\",\"target\":{\"@type\":\"EntryPoint\",\"urlTemplate\":\"https:\\\/\\\/vanguard-br.com\\\/?s={search_term_string}\"},\"query-input\":{\"@type\":\"PropertyValueSpecification\",\"valueRequired\":true,\"valueName\":\"search_term_string\"}}],\"inLanguage\":\"fr-FR\"},{\"@type\":\"Organization\",\"@id\":\"https:\\\/\\\/vanguard-br.com\\\/#organization\",\"name\":\"VBR\",\"url\":\"https:\\\/\\\/vanguard-br.com\\\/\",\"logo\":{\"@type\":\"ImageObject\",\"inLanguage\":\"fr-FR\",\"@id\":\"https:\\\/\\\/vanguard-br.com\\\/#\\\/schema\\\/logo\\\/image\\\/\",\"url\":\"https:\\\/\\\/vanguard-br.com\\\/wp-content\\\/uploads\\\/2025\\\/03\\\/Logo_VG.png\",\"contentUrl\":\"https:\\\/\\\/vanguard-br.com\\\/wp-content\\\/uploads\\\/2025\\\/03\\\/Logo_VG.png\",\"width\":1034,\"height\":236,\"caption\":\"VBR\"},\"image\":{\"@id\":\"https:\\\/\\\/vanguard-br.com\\\/#\\\/schema\\\/logo\\\/image\\\/\"},\"sameAs\":[\"https:\\\/\\\/x.com\\\/VBR_ci\",\"https:\\\/\\\/www.linkedin.com\\\/company\\\/vanguard-br\\\/\"]}]}<\/script>\n<!-- \/ Yoast SEO Premium plugin. -->","yoast_head_json":{"title":"L'\u00e9quipe VBR - VBR","robots":{"index":"index","follow":"follow","max-snippet":"max-snippet:-1","max-image-preview":"max-image-preview:large","max-video-preview":"max-video-preview:-1"},"canonical":"https:\/\/vanguard-br.com\/?page_id=14949","og_locale":"fr_FR","og_type":"article","og_title":"L'\u00e9quipe VBR","og_url":"https:\/\/vanguard-br.com\/?page_id=14949","og_site_name":"VBR","article_modified_time":"2025-06-05T15:58:49+00:00","twitter_card":"summary_large_image","twitter_site":"@VBR_ci","twitter_misc":{"Dur\u00e9e de lecture estim\u00e9e":"4 minutes"},"schema":{"@context":"https:\/\/schema.org","@graph":[{"@type":"WebPage","@id":"https:\/\/vanguard-br.com\/?page_id=14949","url":"https:\/\/vanguard-br.com\/?page_id=14949","name":"L'\u00e9quipe VBR - VBR","isPartOf":{"@id":"https:\/\/vanguard-br.com\/#website"},"datePublished":"2018-04-19T07:18:01+00:00","dateModified":"2025-06-05T15:58:49+00:00","breadcrumb":{"@id":"https:\/\/vanguard-br.com\/?page_id=14949#breadcrumb"},"inLanguage":"fr-FR","potentialAction":[{"@type":"ReadAction","target":["https:\/\/vanguard-br.com\/?page_id=14949"]}]},{"@type":"BreadcrumbList","@id":"https:\/\/vanguard-br.com\/?page_id=14949#breadcrumb","itemListElement":[{"@type":"ListItem","position":1,"name":"Accueil","item":"https:\/\/vanguard-br.com\/"},{"@type":"ListItem","position":2,"name":"L&rsquo;\u00e9quipe VBR"}]},{"@type":"WebSite","@id":"https:\/\/vanguard-br.com\/#website","url":"https:\/\/vanguard-br.com\/","name":"VBR","description":"Savoir pouvoir cro\u00eetre","publisher":{"@id":"https:\/\/vanguard-br.com\/#organization"},"potentialAction":[{"@type":"SearchAction","target":{"@type":"EntryPoint","urlTemplate":"https:\/\/vanguard-br.com\/?s={search_term_string}"},"query-input":{"@type":"PropertyValueSpecification","valueRequired":true,"valueName":"search_term_string"}}],"inLanguage":"fr-FR"},{"@type":"Organization","@id":"https:\/\/vanguard-br.com\/#organization","name":"VBR","url":"https:\/\/vanguard-br.com\/","logo":{"@type":"ImageObject","inLanguage":"fr-FR","@id":"https:\/\/vanguard-br.com\/#\/schema\/logo\/image\/","url":"https:\/\/vanguard-br.com\/wp-content\/uploads\/2025\/03\/Logo_VG.png","contentUrl":"https:\/\/vanguard-br.com\/wp-content\/uploads\/2025\/03\/Logo_VG.png","width":1034,"height":236,"caption":"VBR"},"image":{"@id":"https:\/\/vanguard-br.com\/#\/schema\/logo\/image\/"},"sameAs":["https:\/\/x.com\/VBR_ci","https:\/\/www.linkedin.com\/company\/vanguard-br\/"]}]}},"_links":{"self":[{"href":"https:\/\/vanguard-br.com\/index.php?rest_route=\/wp\/v2\/pages\/14949","targetHints":{"allow":["GET"]}}],"collection":[{"href":"https:\/\/vanguard-br.com\/index.php?rest_route=\/wp\/v2\/pages"}],"about":[{"href":"https:\/\/vanguard-br.com\/index.php?rest_route=\/wp\/v2\/types\/page"}],"author":[{"embeddable":true,"href":"https:\/\/vanguard-br.com\/index.php?rest_route=\/wp\/v2\/users\/1"}],"replies":[{"embeddable":true,"href":"https:\/\/vanguard-br.com\/index.php?rest_route=%2Fwp%2Fv2%2Fcomments&post=14949"}],"version-history":[{"count":36,"href":"https:\/\/vanguard-br.com\/index.php?rest_route=\/wp\/v2\/pages\/14949\/revisions"}],"predecessor-version":[{"id":18046,"href":"https:\/\/vanguard-br.com\/index.php?rest_route=\/wp\/v2\/pages\/14949\/revisions\/18046"}],"wp:attachment":[{"href":"https:\/\/vanguard-br.com\/index.php?rest_route=%2Fwp%2Fv2%2Fmedia&parent=14949"}],"curies":[{"name":"wp","href":"https:\/\/api.w.org\/{rel}","templated":true}]}}